{"id":776,"date":"2025-06-04T22:00:11","date_gmt":"2025-06-04T19:00:11","guid":{"rendered":"https:\/\/stop-anxietate.ro\/articole\/?page_id=776"},"modified":"2025-10-08T16:44:01","modified_gmt":"2025-10-08T13:44:01","slug":"mai-mult-decat-o-aplicatie-sufletul-si-misiunea-din-spatele-stop-anxietate","status":"publish","type":"page","link":"https:\/\/stop-anxietate.ro\/articole\/mai-mult-decat-o-aplicatie-sufletul-si-misiunea-din-spatele-stop-anxietate\/","title":{"rendered":"Mai mult dec\u00e2t o aplica\u021bie: sufletul \u0219i misiunea din spatele Stop Anxietate"},"content":{"rendered":"<div class=\"boldgrid-section\">\n<div class=\"container\">\n<div class=\"row\" style=\"padding-top: 0px; padding-bottom: 0px;\">\n<div class=\"col-lg-12 col-md-12 col-xs-12 col-sm-12\">\n<p class=\"\" style=\"text-align: center;\">&nbsp;<\/p>\n<p class=\"\"><img loading=\"lazy\" decoding=\"async\" data-attachment-id=\"777\" data-permalink=\"https:\/\/stop-anxietate.ro\/articole\/mai-mult-decat-o-aplicatie-sufletul-si-misiunea-din-spatele-stop-anxietate\/birthplace\/\" data-orig-file=\"https:\/\/stop-anxietate.ro\/articole\/wp-content\/uploads\/2025\/06\/Birthplace.jpg\" data-orig-size=\"1400,932\" data-comments-opened=\"0\" data-image-meta=\"{&quot;aperture&quot;:&quot;0&quot;,&quot;credit&quot;:&quot;&quot;,&quot;camera&quot;:&quot;&quot;,&quot;caption&quot;:&quot;&quot;,&quot;created_timestamp&quot;:&quot;0&quot;,&quot;copyright&quot;:&quot;&quot;,&quot;focal_length&quot;:&quot;0&quot;,&quot;iso&quot;:&quot;0&quot;,&quot;shutter_speed&quot;:&quot;0&quot;,&quot;title&quot;:&quot;&quot;,&quot;orientation&quot;:&quot;1&quot;}\" data-image-title=\"Birthplace\" data-image-description=\"\" data-image-caption=\"\" data-medium-file=\"https:\/\/stop-anxietate.ro\/articole\/wp-content\/uploads\/2025\/06\/Birthplace-300x200.jpg\" data-large-file=\"https:\/\/stop-anxietate.ro\/articole\/wp-content\/uploads\/2025\/06\/Birthplace-1024x682.jpg\" tabindex=\"0\" role=\"button\" class=\"aligncenter wp-image-777 size-full\" src=\"https:\/\/stop-anxietate.ro\/articole\/wp-content\/uploads\/2025\/06\/Birthplace.jpg\" alt=\"\" width=\"1400\" height=\"932\" srcset=\"https:\/\/stop-anxietate.ro\/articole\/wp-content\/uploads\/2025\/06\/Birthplace.jpg 1400w, https:\/\/stop-anxietate.ro\/articole\/wp-content\/uploads\/2025\/06\/Birthplace-300x200.jpg 300w, https:\/\/stop-anxietate.ro\/articole\/wp-content\/uploads\/2025\/06\/Birthplace-1024x682.jpg 1024w, https:\/\/stop-anxietate.ro\/articole\/wp-content\/uploads\/2025\/06\/Birthplace-768x511.jpg 768w, https:\/\/stop-anxietate.ro\/articole\/wp-content\/uploads\/2025\/06\/Birthplace-250x166.jpg 250w, https:\/\/stop-anxietate.ro\/articole\/wp-content\/uploads\/2025\/06\/Birthplace-550x366.jpg 550w, https:\/\/stop-anxietate.ro\/articole\/wp-content\/uploads\/2025\/06\/Birthplace-800x533.jpg 800w, https:\/\/stop-anxietate.ro\/articole\/wp-content\/uploads\/2025\/06\/Birthplace-270x180.jpg 270w, https:\/\/stop-anxietate.ro\/articole\/wp-content\/uploads\/2025\/06\/Birthplace-451x300.jpg 451w, https:\/\/stop-anxietate.ro\/articole\/wp-content\/uploads\/2025\/06\/Birthplace-751x500.jpg 751w\" sizes=\"auto, (max-width: 1400px) 100vw, 1400px\" \/><\/p>\n<p class=\"\">&nbsp;<\/p>\n<\/div>\n<\/div>\n<\/div>\n<\/div>\n<div class=\"boldgrid-section\">\n<div class=\"container\">\n<div class=\"row\" style=\"padding-top: 22px; padding-bottom: 42px;\">\n<div class=\"col-lg-12 col-md-12 col-xs-12 col-sm-12\">\n<p class=\"ng-star-inserted\"><span class=\"ng-star-inserted\">\u00centr-o lume \u00een care bun\u0103starea mental\u0103 este din ce \u00een ce mai recunoscut\u0103 ca fiind fundamental\u0103 pentru o via\u021b\u0103 \u00eemplinit\u0103, accesul la sprijin psihologic eficient r\u0103m\u00e2ne o provocare pentru mul\u021bi. La Stop Anxietate, credem c\u0103 acest lucru trebuie s\u0103 se schimbe. Nu suntem doar creatorii unui program psihologic ieftin; suntem o echip\u0103 mic\u0103, pasionat\u0103, condus\u0103 de un scop profund: democratizarea educa\u021biei pentru s\u0103n\u0103tate mental\u0103 \u0219i \u00eemputernicirea indivizilor de a se elibera din str\u00e2nsoarea anxiet\u0103\u021bii \u0219i depresiei.<\/span><\/p>\n<p class=\"\">&nbsp;<\/p>\n<h4 class=\"ng-star-inserted\"><strong class=\"ng-star-inserted\"><span class=\"ng-star-inserted\">&#8222;De ce&#8221;-ul nostru: o poveste despre cercetare, empatie \u0219i o decizie crucial\u0103<\/span><\/strong><\/h4>\n<p class=\"\">&nbsp;<\/p>\n<p class=\"ng-star-inserted\"><span class=\"ng-star-inserted\">C\u0103l\u0103toria Stop Anxietate a \u00eenceput \u00een Rom\u00e2nia, n\u0103scut\u0103 din ani de cercetare dedicat\u0103 \u0219i practic\u0103 direct\u0103. Am aprofundat \u00een\u021belegerea mecanismelor anxiet\u0103\u021bii \u0219i depresiei, c\u0103ut\u00e2nd nu doar s\u0103 identific\u0103m problemele, ci s\u0103 descoperim metode simple, practice \u0219i, mai ales,&nbsp;<\/span><span class=\"ng-star-inserted\">u\u0219or de \u00een\u021beles<\/span><span class=\"ng-star-inserted\">&nbsp;pentru a le explica \u0219i trata. A fost nevoie de patru ani intensi pentru a dezvolta programul \u0219i practicile sale \u00een forma actual\u0103.<\/span><\/p>\n<p class=\"ng-star-inserted\"><span class=\"ng-star-inserted\">Ini\u021bial, Stop Anxietate a fost lansat cu un abonament modest, o modalitate de a recupera investi\u021bia semnificativ\u0103 (aproximativ 150.000 de euro) alocat\u0103 cre\u0103rii sale. Cu toate acestea, o con\u0219tientizare crucial\u0103 a urmat cur\u00e2nd: mul\u021bi indivizi, \u00een special studen\u021bii \u0219i cei care se confrunt\u0103 cu dificult\u0103\u021bi financiare, considerau chiar \u0219i o tax\u0103 lunar\u0103 de 10 euro o barier\u0103 \u00een calea acces\u0103rii sprijinului de s\u0103n\u0103tate mental\u0103 de care aveau nevoie disperat\u0103.<\/span><\/p>\n<p class=\"ng-star-inserted\"><span class=\"ng-star-inserted\">Acesta a fost un moment de cotitur\u0103. Ne-am \u00eentrebat: de ce ar trebui constr\u00e2ngerile financiare s\u0103 dicteze accesul cuiva la cuno\u0219tin\u021be care i-ar putea schimba fundamental via\u021ba? De ce ar trebui tinerii, \u00een special, s\u0103 a\u0219tepte p\u00e2n\u0103 la 30 sau 40 de ani \u2013 c\u00e2nd ar putea avea mai mult\u0103 stabilitate financiar\u0103 \u2013 pentru a \u00eenv\u0103\u021ba cum func\u021bioneaz\u0103 mintea lor, pentru a \u00een\u021belege anxietatea \u0219i depresia \u0219i pentru a dob\u00e2ndi instrumentele necesare pentru a le trata?<\/span><\/p>\n<p class=\"ng-star-inserted\"><span class=\"ng-star-inserted\">R\u0103spunsul a fost clar. Am luat decizia de a renun\u021ba la investi\u021bia noastr\u0103 ini\u021bial\u0103 \u0219i de a oferi programul psihologic de baz\u0103 Stop Anxietate <\/span><strong class=\"ng-star-inserted\"><span class=\"ng-star-inserted\">ieftin<\/span><\/strong><span class=\"ng-star-inserted\">.<\/span><\/p>\n<p class=\"\">&nbsp;<\/p>\n<h4 class=\"ng-star-inserted\"><strong class=\"ng-star-inserted\"><span class=\"ng-star-inserted\">Misiunea noastr\u0103: educa\u021bie psihologic\u0103 ieftin\u0103 pentru to\u021bi<\/span><\/strong><\/h4>\n<p>&nbsp;<\/p>\n<p class=\"ng-star-inserted\"><span class=\"ng-star-inserted\">Misiunea noastr\u0103 este direct\u0103, dar ambi\u021bioas\u0103:<\/span><\/p>\n<p class=\"ng-star-inserted\"><strong class=\"ng-star-inserted\"><span class=\"ng-star-inserted\">S\u0103 oferim educa\u021bie psihologic\u0103 accesibil\u0103, bazat\u0103 pe dovezi \u0219tiin\u021bifice, \u0219i instrumente de auto-ajutor tuturor, \u00eemputernicind indivizii s\u0103 \u00een\u021beleag\u0103 \u0219i s\u0103 dep\u0103\u0219easc\u0103 anxietatea \u0219i depresia, \u0219i s\u0103 duc\u0103 o via\u021b\u0103 mai \u00eemplinit\u0103, f\u0103r\u0103 bariere financiare.<\/span><\/strong><\/p>\n<p class=\"ng-star-inserted\"><span class=\"ng-star-inserted\">Ne concentr\u0103m \u00een mod special pe:<\/span><\/p>\n<ul class=\"ng-star-inserted\">\n<li class=\"ng-star-inserted\">\n<p class=\"ng-star-inserted\"><strong class=\"ng-star-inserted\"><span class=\"ng-star-inserted\">Studen\u021bi:<\/span><\/strong><span class=\"ng-star-inserted\">&nbsp;Recunosc\u00e2nd presiunile unice \u0219i limit\u0103rile financiare ale vie\u021bii de student, ne propunem s\u0103 echip\u0103m tinerii cu instrumente de bun\u0103stare mental\u0103 de la o v\u00e2rst\u0103 fraged\u0103.<\/span><\/p>\n<\/li>\n<li class=\"ng-star-inserted\">\n<p class=\"ng-star-inserted\"><strong class=\"ng-star-inserted\"><span class=\"ng-star-inserted\">Mame \u0219i persoane cu presiuni familiale:<\/span><\/strong><span class=\"ng-star-inserted\">&nbsp;\u00cen\u021beleg\u00e2nd factorii de stres specifici care pot declan\u0219a anxietatea \u0219i depresia \u00een aceste contexte.<\/span><\/p>\n<\/li>\n<li class=\"ng-star-inserted\">\n<p class=\"ng-star-inserted\"><strong class=\"ng-star-inserted\"><span class=\"ng-star-inserted\">Oricine se simte blocat:<\/span><\/strong><span class=\"ng-star-inserted\">&nbsp;Pentru cei care consider\u0103 c\u0103 terapia tradi\u021bional\u0103 este inaccesibil\u0103 sau care pur \u0219i simplu doresc s\u0103 se \u00een\u021beleag\u0103 mai bine.<\/span><\/p>\n<\/li>\n<\/ul>\n<\/div>\n<\/div>\n<\/div>\n<\/div>\n<div class=\"boldgrid-section color1-background-color color-1-text-contrast bg-background-color\">\n<div class=\"container\">\n<div class=\"row\">\n<div class=\"col-lg-12 col-md-12 col-xs-12 col-sm-12\">\n<h4 class=\"\">&nbsp;<\/h4>\n<h4 class=\"ng-star-inserted\"><strong class=\"ng-star-inserted\"><span class=\"ng-star-inserted\">Valorile noastre fundamentale: ceea ce ne ghideaz\u0103 munca<\/span><\/strong><\/h4>\n<p class=\"ng-star-inserted\">&nbsp;<\/p>\n<ol class=\"ng-star-inserted\">\n<li class=\"ng-star-inserted\">\n<p class=\"ng-star-inserted\"><strong class=\"ng-star-inserted\"><span class=\"ng-star-inserted\">Accesibilitate &amp; Incluziune:<\/span><\/strong><span class=\"ng-star-inserted\"> Sprijinul pentru s\u0103n\u0103tatea mental\u0103 nu ar trebui s\u0103 fie un lux. Oferind programul nostru ieftin, ne str\u0103duim s\u0103 elimin\u0103m barierele financiare \u0219i geografice. Abordarea noastr\u0103 digital\u0103 asigur\u0103 c\u0103 oricine cu un dispozitiv mobil poate beneficia.<\/span><\/p>\n<\/li>\n<li class=\"ng-star-inserted\">\n<p class=\"ng-star-inserted\"><strong class=\"ng-star-inserted\"><span class=\"ng-star-inserted\">\u00cemputernicire prin Educa\u021bie:<\/span><\/strong><span class=\"ng-star-inserted\">&nbsp;Credem c\u0103 \u00een\u021belegerea&nbsp;<\/span><span class=\"ng-star-inserted\">motivului<\/span><span class=\"ng-star-inserted\">&nbsp;pentru care te sim\u021bi \u00eentr-un anumit fel este primul pas c\u0103tre schimbare. Programul nostru se concentreaz\u0103 pe demistificarea conceptelor psihologice (bazate pe CBT, ACT, MBCT) \u0219i pe a le face &#8222;pentru oameni normali&#8221;. Cunoa\u0219terea este putere.<\/span><\/p>\n<\/li>\n<li class=\"ng-star-inserted\">\n<p class=\"ng-star-inserted\"><strong class=\"ng-star-inserted\"><span class=\"ng-star-inserted\">Practic\u0103 Bazat\u0103 pe Dovezi:<\/span><\/strong><span class=\"ng-star-inserted\">&nbsp;Con\u021binutul nostru este fundamentat pe teorii \u0219i tehnici psihologice validate \u0219tiin\u021bific. Suntem dedica\u021bi oferirii unor instrumente care func\u021bioneaz\u0103.<\/span><\/p>\n<\/li>\n<li class=\"ng-star-inserted\">\n<p class=\"ng-star-inserted\"><strong class=\"ng-star-inserted\"><span class=\"ng-star-inserted\">Empatie &amp; Compasiune:<\/span><\/strong><span class=\"ng-star-inserted\">&nbsp;Dup\u0103 ce am fost martori \u0219i am cercetat impactul anxiet\u0103\u021bii \u0219i depresiei, ne abord\u0103m munca cu o profund\u0103 empatie pentru cei care sufer\u0103. Dorim s\u0103 ajut\u0103m.<\/span><\/p>\n<\/li>\n<li class=\"ng-star-inserted\">\n<p class=\"ng-star-inserted\"><strong class=\"ng-star-inserted\"><span class=\"ng-star-inserted\">Concentrare pe Impact, Nu pe Ego:<\/span><\/strong><span class=\"ng-star-inserted\">&nbsp;A\u0219a cum se men\u021bioneaz\u0103 \u00een misiunea noastr\u0103 intern\u0103, &#8222;dorim s\u0103 eviden\u021biem doar produsele noastre, nu pe noi \u00een\u0219ine.&#8221; Scopul nostru este ca programul Stop Anxietate s\u0103 fie vedeta, asigur\u00e2ndu-ne c\u0103 ajunge \u0219i ajut\u0103 c\u00e2t mai mul\u021bi oameni posibil.<\/span><\/p>\n<\/li>\n<\/ol>\n<p>&nbsp;<\/p>\n<\/div>\n<\/div>\n<\/div>\n<\/div>\n<div class=\"boldgrid-section\">\n<div class=\"container\">\n<div class=\"row\" style=\"padding-top: 55px; padding-bottom: 40px;\">\n<div class=\"col-lg-12 col-md-12 col-xs-12 col-sm-12\">\n<h4 class=\"ng-star-inserted\"><strong class=\"ng-star-inserted\"><span class=\"ng-star-inserted\">Privind spre viitor: construind \u00eempreun\u0103 un viitor mai s\u0103n\u0103tos din punct de vedere mental<\/span><\/strong><\/h4>\n<p class=\"\">&nbsp;<\/p>\n<p class=\"ng-star-inserted\"><span class=\"ng-star-inserted\">Suntem o echip\u0103 mic\u0103, dar viziunea noastr\u0103 este mare. Am \u00eenceput \u00een limba rom\u00e2n\u0103 \u0219i, datorit\u0103 feedback-ului incredibil \u0219i impactului real, ne-am extins \u0219i \u00een limba englez\u0103 pentru a ajunge la un public global. Ne imagin\u0103m o lume \u00een care \u00een\u021belegerea propriei min\u021bi \u0219i de\u021binerea instrumentelor pentru rezilien\u021b\u0103 mental\u0103 sunt lucruri obi\u0219nuite, nu privilegii.<\/span><\/p>\n<p class=\"ng-star-inserted\"><span class=\"ng-star-inserted\">Oferind Stop Anxietate ieftin, sper\u0103m s\u0103 \u00eencuraj\u0103m mai mul\u021bi oameni s\u0103 caute \u0219i s\u0103 ob\u021bin\u0103 informa\u021bii psihologice care le pot transforma via\u021ba, prevenind ani de suferin\u021b\u0103 inutil\u0103.<\/span><\/p>\n<p class=\"ng-star-inserted\"><span class=\"ng-star-inserted\">Suntem extrem de recunosc\u0103tori pentru oportunitatea de a v\u0103 \u00eemp\u0103rt\u0103\u0219i misiunea noastr\u0103. Fie c\u0103 e\u0219ti un student \u00een c\u0103utare de sprijin, un educator \u00een c\u0103utarea resurselor sau o organiza\u021bie pasionat\u0103 de bun\u0103starea mental\u0103, te invit\u0103m s\u0103 ni te al\u0103turi pentru a face din bun\u0103starea psihologic\u0103 o realitate pentru mai mul\u021bi oameni.<\/span><\/p>\n<\/div>\n<\/div>\n<\/div>\n<\/div>\n<div class=\"boldgrid-section color1-background-color color-1-text-contrast bg-background-color\">\n<div class=\"container\">\n<div class=\"row\" style=\"padding-top: 10px; padding-bottom: 0px;\">\n<div class=\"col-lg-12 col-md-12 col-xs-12 col-sm-12\">\n<div class=\"row\" style=\"padding-top: 0px; padding-bottom: 75px;\">\n<div class=\"col-lg-12 col-md-12 col-xs-12 col-sm-12\">\n<h2 class=\"\" style=\"text-align: center;\">Descarc\u0103 gratuit aplica\u021bia<\/h2>\n<\/div>\n<\/div>\n<div class=\"row\" style=\"padding-bottom: 45px;\">\n<div class=\"col-lg-4 col-md-12 col-xs-12 col-sm-12\">\n<div>\n<p class=\"\"><a href=\"https:\/\/play.google.com\/store\/apps\/details?id=stop_anxietate.ro\" target=\"_blank\" rel=\"noopener\"><img loading=\"lazy\" decoding=\"async\" data-attachment-id=\"740\" data-permalink=\"https:\/\/stop-anxietate.ro\/articole\/test-gratuit-pentru-stres-anxietate-si-depresie-varianta-scurta\/googleplay\/\" data-orig-file=\"https:\/\/stop-anxietate.ro\/articole\/wp-content\/uploads\/2024\/08\/GooglePlay.png\" data-orig-size=\"300,90\" data-comments-opened=\"0\" data-image-meta=\"{&quot;aperture&quot;:&quot;0&quot;,&quot;credit&quot;:&quot;&quot;,&quot;camera&quot;:&quot;&quot;,&quot;caption&quot;:&quot;&quot;,&quot;created_timestamp&quot;:&quot;0&quot;,&quot;copyright&quot;:&quot;&quot;,&quot;focal_length&quot;:&quot;0&quot;,&quot;iso&quot;:&quot;0&quot;,&quot;shutter_speed&quot;:&quot;0&quot;,&quot;title&quot;:&quot;&quot;,&quot;orientation&quot;:&quot;0&quot;}\" data-image-title=\"GooglePlay\" data-image-description=\"\" data-image-caption=\"\" data-medium-file=\"https:\/\/stop-anxietate.ro\/articole\/wp-content\/uploads\/2024\/08\/GooglePlay.png\" data-large-file=\"https:\/\/stop-anxietate.ro\/articole\/wp-content\/uploads\/2024\/08\/GooglePlay.png\" tabindex=\"0\" role=\"button\" class=\"aligncenter wp-image-740 size-full\" src=\"https:\/\/stop-anxietate.ro\/articole\/wp-content\/uploads\/2024\/08\/GooglePlay.png\" alt=\"\" width=\"300\" height=\"90\" srcset=\"https:\/\/stop-anxietate.ro\/articole\/wp-content\/uploads\/2024\/08\/GooglePlay.png 300w, https:\/\/stop-anxietate.ro\/articole\/wp-content\/uploads\/2024\/08\/GooglePlay-250x75.png 250w\" sizes=\"auto, (max-width: 300px) 100vw, 300px\" \/><\/a><\/p>\n<\/div>\n<\/div>\n<div class=\"col-lg-4 col-md-6 col-sm-12 col-xs-12\">\n<div>\n<p class=\"\"><a href=\"https:\/\/apps.apple.com\/us\/app\/wind-method\/id1634573886\" target=\"_blank\" rel=\"noopener\"><img loading=\"lazy\" decoding=\"async\" data-attachment-id=\"739\" data-permalink=\"https:\/\/stop-anxietate.ro\/articole\/test-gratuit-pentru-stres-anxietate-si-depresie-varianta-scurta\/appstore-2\/\" data-orig-file=\"https:\/\/stop-anxietate.ro\/articole\/wp-content\/uploads\/2024\/08\/AppStore.png\" data-orig-size=\"300,90\" data-comments-opened=\"0\" data-image-meta=\"{&quot;aperture&quot;:&quot;0&quot;,&quot;credit&quot;:&quot;&quot;,&quot;camera&quot;:&quot;&quot;,&quot;caption&quot;:&quot;&quot;,&quot;created_timestamp&quot;:&quot;0&quot;,&quot;copyright&quot;:&quot;&quot;,&quot;focal_length&quot;:&quot;0&quot;,&quot;iso&quot;:&quot;0&quot;,&quot;shutter_speed&quot;:&quot;0&quot;,&quot;title&quot;:&quot;&quot;,&quot;orientation&quot;:&quot;0&quot;}\" data-image-title=\"AppStore\" data-image-description=\"\" data-image-caption=\"\" data-medium-file=\"https:\/\/stop-anxietate.ro\/articole\/wp-content\/uploads\/2024\/08\/AppStore.png\" data-large-file=\"https:\/\/stop-anxietate.ro\/articole\/wp-content\/uploads\/2024\/08\/AppStore.png\" tabindex=\"0\" role=\"button\" class=\"aligncenter wp-image-739 size-full\" src=\"https:\/\/stop-anxietate.ro\/articole\/wp-content\/uploads\/2024\/08\/AppStore.png\" alt=\"\" width=\"300\" height=\"90\" srcset=\"https:\/\/stop-anxietate.ro\/articole\/wp-content\/uploads\/2024\/08\/AppStore.png 300w, https:\/\/stop-anxietate.ro\/articole\/wp-content\/uploads\/2024\/08\/AppStore-250x75.png 250w\" sizes=\"auto, (max-width: 300px) 100vw, 300px\" \/><\/a><\/p>\n<\/div>\n<\/div>\n<div class=\"col-lg-4 col-md-4 col-sm-12 col-xs-12\">\n<div>\n<p class=\"\"><a href=\"https:\/\/appgallery.huawei.com\/app\/C106724535\" target=\"_blank\" rel=\"noopener\"><img loading=\"lazy\" decoding=\"async\" data-attachment-id=\"738\" data-permalink=\"https:\/\/stop-anxietate.ro\/articole\/test-gratuit-pentru-stres-anxietate-si-depresie-varianta-scurta\/appgallery-2\/\" data-orig-file=\"https:\/\/stop-anxietate.ro\/articole\/wp-content\/uploads\/2024\/08\/AppGallery.png\" data-orig-size=\"300,90\" data-comments-opened=\"0\" data-image-meta=\"{&quot;aperture&quot;:&quot;0&quot;,&quot;credit&quot;:&quot;&quot;,&quot;camera&quot;:&quot;&quot;,&quot;caption&quot;:&quot;&quot;,&quot;created_timestamp&quot;:&quot;0&quot;,&quot;copyright&quot;:&quot;&quot;,&quot;focal_length&quot;:&quot;0&quot;,&quot;iso&quot;:&quot;0&quot;,&quot;shutter_speed&quot;:&quot;0&quot;,&quot;title&quot;:&quot;&quot;,&quot;orientation&quot;:&quot;0&quot;}\" data-image-title=\"AppGallery\" data-image-description=\"\" data-image-caption=\"\" data-medium-file=\"https:\/\/stop-anxietate.ro\/articole\/wp-content\/uploads\/2024\/08\/AppGallery.png\" data-large-file=\"https:\/\/stop-anxietate.ro\/articole\/wp-content\/uploads\/2024\/08\/AppGallery.png\" tabindex=\"0\" role=\"button\" class=\"aligncenter wp-image-738 size-full\" src=\"https:\/\/stop-anxietate.ro\/articole\/wp-content\/uploads\/2024\/08\/AppGallery.png\" alt=\"\" width=\"300\" height=\"91\" srcset=\"https:\/\/stop-anxietate.ro\/articole\/wp-content\/uploads\/2024\/08\/AppGallery.png 300w, https:\/\/stop-anxietate.ro\/articole\/wp-content\/uploads\/2024\/08\/AppGallery-250x75.png 250w\" sizes=\"auto, (max-width: 300px) 100vw, 300px\" \/><\/a><\/p>\n<\/div>\n<\/div>\n<\/div>\n<\/div>\n<\/div>\n<\/div>\n<\/div>\n","protected":false},"excerpt":{"rendered":"<p>&nbsp; &nbsp; \u00centr-o lume \u00een care bun\u0103starea mental\u0103 este din ce \u00een ce mai recunoscut\u0103 ca fiind fundamental\u0103 pentru o via\u021b\u0103 \u00eemplinit\u0103, accesul la sprijin psihologic eficient r\u0103m\u00e2ne o provocare<\/p>\n<div class=\"read-more\"><a class=\"btn button-secondary\" href=\"https:\/\/stop-anxietate.ro\/articole\/mai-mult-decat-o-aplicatie-sufletul-si-misiunea-din-spatele-stop-anxietate\/\">Read More<\/a><\/div>\n","protected":false},"author":1,"featured_media":0,"parent":0,"menu_order":0,"comment_status":"closed","ping_status":"closed","template":"","meta":{"footnotes":""},"class_list":["post-776","page","type-page","status-publish"],"aioseo_notices":[],"jetpack_sharing_enabled":true,"_links":{"self":[{"href":"https:\/\/stop-anxietate.ro\/articole\/wp-json\/wp\/v2\/pages\/776","targetHints":{"allow":["GET"]}}],"collection":[{"href":"https:\/\/stop-anxietate.ro\/articole\/wp-json\/wp\/v2\/pages"}],"about":[{"href":"https:\/\/stop-anxietate.ro\/articole\/wp-json\/wp\/v2\/types\/page"}],"author":[{"embeddable":true,"href":"https:\/\/stop-anxietate.ro\/articole\/wp-json\/wp\/v2\/users\/1"}],"replies":[{"embeddable":true,"href":"https:\/\/stop-anxietate.ro\/articole\/wp-json\/wp\/v2\/comments?post=776"}],"version-history":[{"count":5,"href":"https:\/\/stop-anxietate.ro\/articole\/wp-json\/wp\/v2\/pages\/776\/revisions"}],"predecessor-version":[{"id":856,"href":"https:\/\/stop-anxietate.ro\/articole\/wp-json\/wp\/v2\/pages\/776\/revisions\/856"}],"wp:attachment":[{"href":"https:\/\/stop-anxietate.ro\/articole\/wp-json\/wp\/v2\/media?parent=776"}],"curies":[{"name":"wp","href":"https:\/\/api.w.org\/{rel}","templated":true}]}}