{"id":810,"date":"2025-06-05T20:56:56","date_gmt":"2025-06-05T17:56:56","guid":{"rendered":"https:\/\/stop-anxietate.ro\/articole\/?page_id=810"},"modified":"2025-10-08T16:39:04","modified_gmt":"2025-10-08T13:39:04","slug":"nu-esti-singur-a-puterea-mentorilor-si-a-conexiunii-in-comunitatea-stop-anxietate","status":"publish","type":"page","link":"https:\/\/stop-anxietate.ro\/articole\/nu-esti-singur-a-puterea-mentorilor-si-a-conexiunii-in-comunitatea-stop-anxietate\/","title":{"rendered":"Nu e\u0219ti singur\/\u0103: Puterea mentorilor \u0219i a conexiunii \u00een comunitatea Stop Anxietate"},"content":{"rendered":"<div class=\"boldgrid-section\">\n<div class=\"container\">\n<div class=\"row\" style=\"padding-top: 0px; padding-bottom: 0px;\">\n<div class=\"col-lg-12 col-md-12 col-xs-12 col-sm-12\">\n<p class=\"\" style=\"text-align: center;\">&nbsp;<\/p>\n<p class=\"\"><img loading=\"lazy\" decoding=\"async\" data-attachment-id=\"811\" data-permalink=\"https:\/\/stop-anxietate.ro\/articole\/nu-esti-singur-a-puterea-mentorilor-si-a-conexiunii-in-comunitatea-stop-anxietate\/community\/\" data-orig-file=\"https:\/\/stop-anxietate.ro\/articole\/wp-content\/uploads\/2025\/06\/community.jpg\" data-orig-size=\"1200,800\" data-comments-opened=\"0\" data-image-meta=\"{&quot;aperture&quot;:&quot;0&quot;,&quot;credit&quot;:&quot;&quot;,&quot;camera&quot;:&quot;&quot;,&quot;caption&quot;:&quot;&quot;,&quot;created_timestamp&quot;:&quot;0&quot;,&quot;copyright&quot;:&quot;&quot;,&quot;focal_length&quot;:&quot;0&quot;,&quot;iso&quot;:&quot;0&quot;,&quot;shutter_speed&quot;:&quot;0&quot;,&quot;title&quot;:&quot;&quot;,&quot;orientation&quot;:&quot;0&quot;}\" data-image-title=\"community\" data-image-description=\"\" data-image-caption=\"\" data-medium-file=\"https:\/\/stop-anxietate.ro\/articole\/wp-content\/uploads\/2025\/06\/community-300x200.jpg\" data-large-file=\"https:\/\/stop-anxietate.ro\/articole\/wp-content\/uploads\/2025\/06\/community-1024x683.jpg\" tabindex=\"0\" role=\"button\" class=\"aligncenter wp-image-811 size-full\" src=\"https:\/\/stop-anxietate.ro\/articole\/wp-content\/uploads\/2025\/06\/community.jpg\" alt=\"\" width=\"1200\" height=\"800\" srcset=\"https:\/\/stop-anxietate.ro\/articole\/wp-content\/uploads\/2025\/06\/community.jpg 1200w, https:\/\/stop-anxietate.ro\/articole\/wp-content\/uploads\/2025\/06\/community-300x200.jpg 300w, https:\/\/stop-anxietate.ro\/articole\/wp-content\/uploads\/2025\/06\/community-1024x683.jpg 1024w, https:\/\/stop-anxietate.ro\/articole\/wp-content\/uploads\/2025\/06\/community-768x512.jpg 768w, https:\/\/stop-anxietate.ro\/articole\/wp-content\/uploads\/2025\/06\/community-250x167.jpg 250w, https:\/\/stop-anxietate.ro\/articole\/wp-content\/uploads\/2025\/06\/community-550x367.jpg 550w, https:\/\/stop-anxietate.ro\/articole\/wp-content\/uploads\/2025\/06\/community-800x533.jpg 800w, https:\/\/stop-anxietate.ro\/articole\/wp-content\/uploads\/2025\/06\/community-270x180.jpg 270w, https:\/\/stop-anxietate.ro\/articole\/wp-content\/uploads\/2025\/06\/community-450x300.jpg 450w, https:\/\/stop-anxietate.ro\/articole\/wp-content\/uploads\/2025\/06\/community-750x500.jpg 750w\" sizes=\"auto, (max-width: 1200px) 100vw, 1200px\" \/><\/p>\n<p class=\"\">&nbsp;<\/p>\n<\/div>\n<\/div>\n<\/div>\n<\/div>\n<div class=\"boldgrid-section\">\n<div class=\"container\">\n<div class=\"row\" style=\"padding-top: 22px; padding-bottom: 42px;\">\n<div class=\"col-lg-12 col-md-12 col-xs-12 col-sm-12\">\n<p class=\"ng-star-inserted\"><span class=\"ng-star-inserted\">Una dintre cele mai grele poveri ale anxiet\u0103\u021bii \u0219i depresiei este sentimentul cople\u0219itor de izolare. Poate p\u0103rea c\u0103 e\u0219ti singura persoan\u0103 care experimenteaz\u0103 g\u00e2nduri, sentimente sau simptome fizice at\u00e2t de intense. Aceast\u0103 singur\u0103tate poate amplifica suferin\u021ba, f\u0103c\u00e2nd calea spre bun\u0103stare s\u0103 par\u0103 \u0219i mai descurajant\u0103.<\/span><\/p>\n<p class=\"ng-star-inserted\"><span class=\"ng-star-inserted\">Dar dac\u0103 ar exista un loc unde ai putea nu doar s\u0103 accesezi \u00eendrumare psihologic\u0103 specializat\u0103, ci \u0219i s\u0103 te conectezi cu al\u021bii care \u00een\u021beleg cu adev\u0103rat prin ce treci, totul \u00eentr-un mediu structurat \u0219i plin de sus\u021binere?<\/span><\/p>\n<p class=\"ng-star-inserted\"><span class=\"ng-star-inserted\">Programul&nbsp;<\/span><strong class=\"ng-star-inserted\"><span class=\"ng-star-inserted\">Stop Anxietate<\/span><\/strong><span class=\"ng-star-inserted\">&nbsp;ofer\u0103 exact acest lucru prin intermediul&nbsp;<\/span><strong class=\"ng-star-inserted\"><span class=\"ng-star-inserted\">chat-ului s\u0103u comunitar vibrant \u0219i plin de sprijin din aplica\u021bie<\/span><\/strong><span class=\"ng-star-inserted\">.<\/span><\/p>\n<p class=\"\">&nbsp;<\/p>\n<h4 class=\"ng-star-inserted\"><strong class=\"ng-star-inserted\"><span class=\"ng-star-inserted\">\u00cendrumare specializat\u0103 de la Mentorul t\u0103u<\/span><\/strong><\/h4>\n<p class=\"\">&nbsp;<\/p>\n<p class=\"ng-star-inserted\"><span class=\"ng-star-inserted\">Navigarea prin anxietate \u0219i depresie vine adesea cu un v\u00e2rtej de \u00eentreb\u0103ri. &#8222;Este acest simptom normal?&#8221; &#8222;Cum pot face fa\u021b\u0103 acestei frici specifice?&#8221; &#8222;Ce \u00eenseamn\u0103 acest sentiment?&#8221; \u00cen cadrul comunit\u0103\u021bii Stop Anxietate, utilizatorii, denumi\u021bi cu c\u0103ldur\u0103 <\/span><strong class=\"ng-star-inserted\"><span class=\"ng-star-inserted\">Discipoli<\/span><\/strong><span class=\"ng-star-inserted\">&nbsp;\u00een c\u0103l\u0103toria lor spre eliberare, au acces la&nbsp;<\/span><strong class=\"ng-star-inserted\"><span class=\"ng-star-inserted\">chat gratuit cu un Mentor.<\/span><\/strong><\/p>\n<p class=\"ng-star-inserted\"><span class=\"ng-star-inserted\">Ace\u0219ti Mentori nu sunt doar consilieri generali; ei sunt&nbsp;<\/span><strong class=\"ng-star-inserted\"><span class=\"ng-star-inserted\">speciali\u0219ti \u00een psihologie cu preg\u0103tire \u00een domenii eficiente, bazate pe dovezi, precum Terapia Cognitiv-Comportamental\u0103 (CBT), Terapia Accept\u0103rii \u0219i Angajamentului (ACT) \u0219i Terapia Cognitiv\u0103 Bazat\u0103 pe Mindfulness (MBCT).<\/span><\/strong><span class=\"ng-star-inserted\">&nbsp;Ei aduc at\u00e2t cuno\u0219tin\u021be teoretice, c\u00e2t \u0219i \u00een\u021belepciune practic\u0103 \u00een comunitate.<\/span><\/p>\n<p class=\"ng-star-inserted\"><span class=\"ng-star-inserted\">Aceast\u0103 interac\u021biune unic\u0103 Mentor-Discipol \u00ee\u021bi permite s\u0103:<\/span><\/p>\n<ul class=\"ng-star-inserted\">\n<li class=\"ng-star-inserted\">\n<p class=\"ng-star-inserted\"><span class=\"ng-star-inserted\">Adresezi \u00eentreb\u0103rile tale specifice legate de anxietate, depresie \u0219i simptomele lor, \u00een orice moment.<\/span><\/p>\n<\/li>\n<li class=\"ng-star-inserted\">\n<p class=\"ng-star-inserted\"><span class=\"ng-star-inserted\">Prime\u0219ti&nbsp;<\/span><strong class=\"ng-star-inserted\"><span class=\"ng-star-inserted\">r\u0103spunsuri rapide, la obiect \u0219i practice<\/span><\/strong><span class=\"ng-star-inserted\">&nbsp;direct de la un Mentor. R\u0103spunsurile sunt de obicei furnizate \u00een c\u00e2teva minute (cu excep\u021bia orelor de noapte c\u00e2nd, da, chiar \u0219i Mentorii dorm!).<\/span><\/p>\n<\/li>\n<\/ul>\n<p class=\"ng-star-inserted\"><span class=\"ng-star-inserted\">Aceast\u0103 \u00eendrumare specializat\u0103 poate oferi o claritate \u0219i o reasigurare imens\u0103, ajut\u00e2ndu-te s\u0103-\u021bi \u00een\u021belegi experien\u021bele \u0219i s\u0103 \u00eenve\u021bi strategii eficiente de adaptare de la cei profund cunosc\u0103tori. O utilizatoare,&nbsp;<\/span><strong class=\"ng-star-inserted\"><span class=\"ng-star-inserted\">Daniela<\/span><\/strong><span class=\"ng-star-inserted\">, a \u00eemp\u0103rt\u0103\u0219it:&nbsp;<\/span><span class=\"ng-star-inserted\">&#8222;Mul\u021bumesc pentru sprijin. Tare fain sun\u0103: s\u0103 devin propriul meu psiholog. Lini\u0219titor. P\u00e2n\u0103 acuma a fost cam greu orbec\u0103ind a\u0219a f\u0103r\u0103 s\u0103 cunosc anumite lucruri care, v\u0103d, par tare simple.&#8221;<\/span><span class=\"ng-star-inserted\">&nbsp;Cuvintele ei subliniaz\u0103 claritatea pe care o pot aduce interac\u021biunile cu Mentorii.<\/span><\/p>\n<p>&nbsp;<\/p>\n<h4 class=\"ng-star-inserted\"><strong class=\"ng-star-inserted\"><span class=\"ng-star-inserted\">Descoperind c\u0103 nu e\u0219ti singurul: For\u021ba comunit\u0103\u021bii de discipoli<\/span><\/strong><\/h4>\n<p>&nbsp;<\/p>\n<p class=\"ng-star-inserted\"><span class=\"ng-star-inserted\">Dincolo de sprijinul profesional, comunitatea Stop Anxietate este un spa\u021biu unde Discipolii se ajut\u0103 reciproc. Una dintre cele mai profunde descoperiri pe care le fac utilizatorii este c\u0103&nbsp;<\/span><strong class=\"ng-star-inserted\"><span class=\"ng-star-inserted\">nu trebuie s\u0103 sufere \u00een singur\u0103tate.<\/span><\/strong><\/p>\n<p class=\"ng-star-inserted\"><span class=\"ng-star-inserted\">A\u0219a cum a spus&nbsp;<\/span><strong class=\"ng-star-inserted\"><span class=\"ng-star-inserted\">Alexandra<\/span><\/strong><span class=\"ng-star-inserted\">:&nbsp;<\/span><span class=\"ng-star-inserted\">&#8222;Bun\u0103 seara. M\u0103 bucur mult c\u0103 am g\u0103sit aceast\u0103 aplica\u021bie \u0219i c\u0103 voi putea s\u0103 vorbesc cu oameni care \u00eemi \u00een\u021beleg st\u0103rile \u0219i care sunt sigur\u0103 c\u0103 m\u0103 pot ajuta \u00een caz de un atac de panic\u0103.&#8221;<\/span><\/p>\n<\/div>\n<\/div>\n<\/div>\n<\/div>\n<div class=\"boldgrid-section color1-background-color color-1-text-contrast bg-background-color\">\n<div class=\"container\">\n<div class=\"row\">\n<div class=\"col-lg-12 col-md-12 col-xs-12 col-sm-12\">\n<h4 class=\"\">&nbsp;<\/h4>\n<h4 class=\"ng-star-inserted\"><span class=\"ng-star-inserted\">Al\u0103tur\u00e2ndu-te comunit\u0103\u021bii, vei g\u0103si:<\/span><\/h4>\n<p class=\"\">&nbsp;<\/p>\n<ul class=\"ng-star-inserted\">\n<li class=\"ng-star-inserted\">\n<p class=\"ng-star-inserted\"><strong class=\"ng-star-inserted\"><span class=\"ng-star-inserted\">Normalizarea Simptomelor:<\/span><\/strong><span class=\"ng-star-inserted\">&nbsp;Vei realiza rapid c\u0103 simptomele tale, indiferent c\u00e2t de ciudate sau \u00eenfrico\u0219\u0103toare ar putea p\u0103rea, sunt adesea experimentate de mul\u021bi al\u021bii. Aceast\u0103 \u00een\u021belegere singur\u0103 poate fi incredibil de validant\u0103 \u0219i poate reduce frica asociat\u0103 cu ele.<\/span><\/p>\n<\/li>\n<\/ul>\n<p>&nbsp;<\/p>\n<ul class=\"ng-star-inserted\">\n<li class=\"ng-star-inserted\">\n<p class=\"ng-star-inserted\"><strong class=\"ng-star-inserted\"><span class=\"ng-star-inserted\">Experien\u021be \u00cemp\u0103rt\u0103\u0219ite:<\/span><\/strong><span class=\"ng-star-inserted\">&nbsp;Membrii \u00ee\u0219i \u00eemp\u0103rt\u0103\u0219esc deschis c\u0103l\u0103toriile, inclusiv experien\u021bele lor dureroase. Acest lucru creeaz\u0103 un puternic sentiment de conexiune \u0219i rela\u021bionare.&nbsp;<\/span><strong class=\"ng-star-inserted\"><span class=\"ng-star-inserted\">Roxana <\/span><\/strong><span class=\"ng-star-inserted\">a surprins frumos acest sentiment:&nbsp;<\/span><span class=\"ng-star-inserted\">&#8222;Este foarte ciudat c\u0103 pot s\u0103 fiu at\u00e2t de deschis\u0103 cu ni\u0219te oameni pe care nu \u00eei cunosc \u0219i m\u0103 bucur\u0103 asta! Este o comunitate superb\u0103 de eroi!&#8221;<\/span><span class=\"ng-star-inserted\">&nbsp;Iar&nbsp;<\/span><strong class=\"ng-star-inserted\"><span class=\"ng-star-inserted\">Liliana<\/span><\/strong><span class=\"ng-star-inserted\">&nbsp;a ad\u0103ugat ca r\u0103spuns:&nbsp;<\/span><span class=\"ng-star-inserted\">&#8222;Sim\u021bim cumva c\u0103 oamenii de aici ne \u00een\u021beleg, poate uneori mai bine dec\u00e2t ne \u00een\u021belegem noi.&#8221;<\/span><\/p>\n<\/li>\n<\/ul>\n<p>&nbsp;<\/p>\n<ul class=\"ng-star-inserted\">\n<li class=\"ng-star-inserted\">\n<p class=\"ng-star-inserted\"><strong class=\"ng-star-inserted\"><span class=\"ng-star-inserted\">Sprijin Reciproc:<\/span><\/strong><span class=\"ng-star-inserted\">&nbsp;Este o comunitate mare \u0219i activ\u0103, unde bun\u0103tatea predomin\u0103. Nou-veni\u021bii primesc sprijin cald \u0219i exist\u0103 o cultur\u0103 a \u00eencuraj\u0103rii \u0219i a \u00eenv\u0103\u021b\u0103rii comune.&nbsp;<\/span><strong class=\"ng-star-inserted\"><span class=\"ng-star-inserted\">Lucian (ID 2475)<\/span><\/strong><span class=\"ng-star-inserted\">&nbsp;a remarcat:&nbsp;<\/span><span class=\"ng-star-inserted\">&#8222;Salutare! Mul\u021bumesc celor care au depus efort pentru crearea acestei comunit\u0103\u021bi! Sunt aici de doar dou\u0103 zile dar am aflat multe informa\u021bii utile care m-au f\u0103cut s\u0103 privesc mai relaxat acest fenomen.&#8221;<\/span><\/p>\n<\/li>\n<\/ul>\n<p>&nbsp;<\/p>\n<\/div>\n<\/div>\n<\/div>\n<\/div>\n<div class=\"boldgrid-section\">\n<div class=\"container\">\n<div class=\"row\" style=\"padding-top: 55px; padding-bottom: 40px;\">\n<div class=\"col-lg-12 col-md-12 col-xs-12 col-sm-12\">\n<h4 class=\"ng-star-inserted\"><strong class=\"ng-star-inserted\"><span class=\"ng-star-inserted\">Un spa\u021biu sigur, moderat, pentru conectare \u0219i vindecare<\/span><\/strong><\/h4>\n<p>&nbsp;<\/p>\n<p class=\"ng-star-inserted\"><span class=\"ng-star-inserted\">Comunitatea Stop Anxietate este conceput\u0103 pentru a fi un refugiu sigur \u0219i respectuos. Chat-ul este&nbsp;<\/span><strong class=\"ng-star-inserted\"><span class=\"ng-star-inserted\">moderat activ pentru orice form\u0103 de spam sau h\u0103r\u021buire.<\/span><\/strong><span class=\"ng-star-inserted\">&nbsp;Utilizatorii care atac\u0103 al\u021bi Discipoli sau Mentori sunt bloca\u021bi, asigur\u00e2ndu-se c\u0103 mediul r\u0103m\u00e2ne constructiv \u0219i de sus\u021binere pentru toat\u0103 lumea.<\/span><\/p>\n<p class=\"ng-star-inserted\"><span class=\"ng-star-inserted\">Aici po\u021bi:<\/span><\/p>\n<ul class=\"ng-star-inserted\">\n<li class=\"ng-star-inserted\">\n<p class=\"ng-star-inserted\"><strong class=\"ng-star-inserted\"><span class=\"ng-star-inserted\">S\u0103 te exprimi f\u0103r\u0103 judecat\u0103.<\/span><\/strong><\/p>\n<\/li>\n<li class=\"ng-star-inserted\">\n<p class=\"ng-star-inserted\"><strong class=\"ng-star-inserted\"><span class=\"ng-star-inserted\">S\u0103 g\u0103se\u0219ti \u00eencurajare<\/span><\/strong><span class=\"ng-star-inserted\">&nbsp;\u00een zilele grele.<\/span><\/p>\n<\/li>\n<li class=\"ng-star-inserted\">\n<p class=\"ng-star-inserted\"><strong class=\"ng-star-inserted\"><span class=\"ng-star-inserted\">S\u0103 s\u0103rb\u0103tore\u0219ti micile victorii<\/span><\/strong><span class=\"ng-star-inserted\">&nbsp;cu oameni care \u00een\u021beleg semnifica\u021bia lor.<\/span><\/p>\n<\/li>\n<li class=\"ng-star-inserted\">\n<p class=\"ng-star-inserted\"><strong class=\"ng-star-inserted\"><span class=\"ng-star-inserted\">S\u0103 \u00eenve\u021bi din \u00een\u021belepciunea colectiv\u0103<\/span><\/strong><span class=\"ng-star-inserted\">&nbsp;a altor Discipoli \u0219i din \u00eendrumarea Mentorilor.<\/span><\/p>\n<\/li>\n<\/ul>\n<p class=\"ng-star-inserted\"><span class=\"ng-star-inserted\">Acest chat comunitar gratuit este o parte integrant\u0103 a aplica\u021biei mobile Stop Anxietate, complet\u00e2nd programul psihologic structurat. Ofer\u0103 un strat dinamic de sprijin \u00een timp real, care consolideaz\u0103 lec\u021biile \u00eenv\u0103\u021bate \u0219i cultiv\u0103 un sentiment de apartenen\u021b\u0103 \u0219i scop comun. Tonul este constant empatic, \u00eencurajator \u0219i informativ, f\u0103c\u00e2ndu-l potrivit pentru studen\u021bi, mame \u0219i persoane din toate categoriile sociale.<\/span><\/p>\n<p>&nbsp;<\/p>\n<h4 class=\"ng-star-inserted\"><strong class=\"ng-star-inserted\"><span class=\"ng-star-inserted\">De ce s\u0103 a\u0219tep\u021bi s\u0103-\u021bi g\u0103se\u0219ti mentorii \u0219i colegii discipoli?<\/span><\/strong><\/h4>\n<p class=\"\">&nbsp;<\/p>\n<p class=\"ng-star-inserted\"><span class=\"ng-star-inserted\">Dac\u0103 te-ai s\u0103turat s\u0103 te sim\u021bi singur cu anxietatea sau depresia ta, comunitatea Stop Anxietate te a\u0219teapt\u0103 cu bra\u021bele deschise. A\u0219a cum a \u00eemp\u0103rt\u0103\u0219it&nbsp;<\/span><strong class=\"ng-star-inserted\"><span class=\"ng-star-inserted\">Giulia<\/span><\/strong><span class=\"ng-star-inserted\">,&nbsp;<\/span><span class=\"ng-star-inserted\">&#8222;doar faptul c\u0103 \u0219tiu existen\u021ba aplica\u021biei m\u0103 face s\u0103 m\u0103 simt bine&#8230; pentru c\u0103 \u0219tiu dac\u0103 m\u0103 ia vreo simptom\u0103 \u0219tiu c\u0103 pot intra aici \u0219i m\u0103 simt mai bine. M\u0103 bucur c\u0103 pot scrie aici \u0219i v\u0103 scriu al\u021bii \u0219i mai \u00eenv\u0103\u021b\u0103m c\u00e2te ceva.&#8221;<\/span><\/p>\n<p class=\"ng-star-inserted\"><span class=\"ng-star-inserted\">Este un loc unde po\u021bi g\u0103si r\u0103spunsuri, \u00een\u021belegere \u0219i puternica reamintire c\u0103 vindecarea este posibil\u0103 \u0219i nu trebuie s\u0103 parcurgi acest drum singur.<\/span><\/p>\n<p class=\"ng-star-inserted\"><strong class=\"ng-star-inserted\"><span class=\"ng-star-inserted\">Al\u0103tur\u0103-te ast\u0103zi programului Stop Anxietate \u0219i comunit\u0103\u021bii sale de sprijin!<\/span><\/strong><\/p>\n<p class=\"ng-star-inserted\"><span class=\"ng-star-inserted\">Aminte\u0219te-\u021bi, conexiunea cu Mentori cunosc\u0103tori \u0219i cu semeni \u00een\u021beleg\u0103tori este un antidot puternic la suferin\u021b\u0103.<\/span><\/p>\n<\/div>\n<\/div>\n<\/div>\n<\/div>\n<div class=\"boldgrid-section color1-background-color color-1-text-contrast bg-background-color\">\n<div class=\"container\">\n<div class=\"row\" style=\"padding-top: 10px; padding-bottom: 0px;\">\n<div class=\"col-lg-12 col-md-12 col-xs-12 col-sm-12\">\n<div class=\"row\" style=\"padding-top: 0px; padding-bottom: 75px;\">\n<div class=\"col-lg-12 col-md-12 col-xs-12 col-sm-12\">\n<div>\n<h2 class=\"\" style=\"text-align: center;\">Descarc\u0103 gratuit aplica\u021bia<\/h2>\n<\/div>\n<\/div>\n<\/div>\n<div class=\"row\" style=\"padding-bottom: 45px;\">\n<div class=\"col-lg-4 col-md-12 col-xs-12 col-sm-12\">\n<div>\n<p class=\"\"><a href=\"https:\/\/play.google.com\/store\/apps\/details?id=stop_anxietate.ro\" target=\"_blank\" rel=\"noopener\"><img loading=\"lazy\" decoding=\"async\" data-attachment-id=\"740\" data-permalink=\"https:\/\/stop-anxietate.ro\/articole\/test-gratuit-pentru-stres-anxietate-si-depresie-varianta-scurta\/googleplay\/\" data-orig-file=\"https:\/\/stop-anxietate.ro\/articole\/wp-content\/uploads\/2024\/08\/GooglePlay.png\" data-orig-size=\"300,90\" data-comments-opened=\"0\" data-image-meta=\"{&quot;aperture&quot;:&quot;0&quot;,&quot;credit&quot;:&quot;&quot;,&quot;camera&quot;:&quot;&quot;,&quot;caption&quot;:&quot;&quot;,&quot;created_timestamp&quot;:&quot;0&quot;,&quot;copyright&quot;:&quot;&quot;,&quot;focal_length&quot;:&quot;0&quot;,&quot;iso&quot;:&quot;0&quot;,&quot;shutter_speed&quot;:&quot;0&quot;,&quot;title&quot;:&quot;&quot;,&quot;orientation&quot;:&quot;0&quot;}\" data-image-title=\"GooglePlay\" data-image-description=\"\" data-image-caption=\"\" data-medium-file=\"https:\/\/stop-anxietate.ro\/articole\/wp-content\/uploads\/2024\/08\/GooglePlay.png\" data-large-file=\"https:\/\/stop-anxietate.ro\/articole\/wp-content\/uploads\/2024\/08\/GooglePlay.png\" tabindex=\"0\" role=\"button\" class=\"aligncenter wp-image-740 size-full\" src=\"https:\/\/stop-anxietate.ro\/articole\/wp-content\/uploads\/2024\/08\/GooglePlay.png\" alt=\"\" width=\"300\" height=\"90\" srcset=\"https:\/\/stop-anxietate.ro\/articole\/wp-content\/uploads\/2024\/08\/GooglePlay.png 300w, https:\/\/stop-anxietate.ro\/articole\/wp-content\/uploads\/2024\/08\/GooglePlay-250x75.png 250w\" sizes=\"auto, (max-width: 300px) 100vw, 300px\" \/><\/a><\/p>\n<\/div>\n<\/div>\n<div class=\"col-lg-4 col-md-6 col-sm-12 col-xs-12\">\n<div>\n<p class=\"\"><a href=\"https:\/\/apps.apple.com\/us\/app\/wind-method\/id1634573886\" target=\"_blank\" rel=\"noopener\"><img loading=\"lazy\" decoding=\"async\" data-attachment-id=\"739\" data-permalink=\"https:\/\/stop-anxietate.ro\/articole\/test-gratuit-pentru-stres-anxietate-si-depresie-varianta-scurta\/appstore-2\/\" data-orig-file=\"https:\/\/stop-anxietate.ro\/articole\/wp-content\/uploads\/2024\/08\/AppStore.png\" data-orig-size=\"300,90\" data-comments-opened=\"0\" data-image-meta=\"{&quot;aperture&quot;:&quot;0&quot;,&quot;credit&quot;:&quot;&quot;,&quot;camera&quot;:&quot;&quot;,&quot;caption&quot;:&quot;&quot;,&quot;created_timestamp&quot;:&quot;0&quot;,&quot;copyright&quot;:&quot;&quot;,&quot;focal_length&quot;:&quot;0&quot;,&quot;iso&quot;:&quot;0&quot;,&quot;shutter_speed&quot;:&quot;0&quot;,&quot;title&quot;:&quot;&quot;,&quot;orientation&quot;:&quot;0&quot;}\" data-image-title=\"AppStore\" data-image-description=\"\" data-image-caption=\"\" data-medium-file=\"https:\/\/stop-anxietate.ro\/articole\/wp-content\/uploads\/2024\/08\/AppStore.png\" data-large-file=\"https:\/\/stop-anxietate.ro\/articole\/wp-content\/uploads\/2024\/08\/AppStore.png\" tabindex=\"0\" role=\"button\" class=\"aligncenter wp-image-739 size-full\" src=\"https:\/\/stop-anxietate.ro\/articole\/wp-content\/uploads\/2024\/08\/AppStore.png\" alt=\"\" width=\"300\" height=\"90\" srcset=\"https:\/\/stop-anxietate.ro\/articole\/wp-content\/uploads\/2024\/08\/AppStore.png 300w, https:\/\/stop-anxietate.ro\/articole\/wp-content\/uploads\/2024\/08\/AppStore-250x75.png 250w\" sizes=\"auto, (max-width: 300px) 100vw, 300px\" \/><\/a><\/p>\n<\/div>\n<\/div>\n<div class=\"col-lg-4 col-md-4 col-sm-12 col-xs-12\">\n<div>\n<p class=\"\"><a href=\"https:\/\/appgallery.huawei.com\/app\/C106724535\" target=\"_blank\" rel=\"noopener\"><img loading=\"lazy\" decoding=\"async\" data-attachment-id=\"738\" data-permalink=\"https:\/\/stop-anxietate.ro\/articole\/test-gratuit-pentru-stres-anxietate-si-depresie-varianta-scurta\/appgallery-2\/\" data-orig-file=\"https:\/\/stop-anxietate.ro\/articole\/wp-content\/uploads\/2024\/08\/AppGallery.png\" data-orig-size=\"300,90\" data-comments-opened=\"0\" data-image-meta=\"{&quot;aperture&quot;:&quot;0&quot;,&quot;credit&quot;:&quot;&quot;,&quot;camera&quot;:&quot;&quot;,&quot;caption&quot;:&quot;&quot;,&quot;created_timestamp&quot;:&quot;0&quot;,&quot;copyright&quot;:&quot;&quot;,&quot;focal_length&quot;:&quot;0&quot;,&quot;iso&quot;:&quot;0&quot;,&quot;shutter_speed&quot;:&quot;0&quot;,&quot;title&quot;:&quot;&quot;,&quot;orientation&quot;:&quot;0&quot;}\" data-image-title=\"AppGallery\" data-image-description=\"\" data-image-caption=\"\" data-medium-file=\"https:\/\/stop-anxietate.ro\/articole\/wp-content\/uploads\/2024\/08\/AppGallery.png\" data-large-file=\"https:\/\/stop-anxietate.ro\/articole\/wp-content\/uploads\/2024\/08\/AppGallery.png\" tabindex=\"0\" role=\"button\" class=\"aligncenter wp-image-738 size-full\" src=\"https:\/\/stop-anxietate.ro\/articole\/wp-content\/uploads\/2024\/08\/AppGallery.png\" alt=\"\" width=\"300\" height=\"91\" srcset=\"https:\/\/stop-anxietate.ro\/articole\/wp-content\/uploads\/2024\/08\/AppGallery.png 300w, https:\/\/stop-anxietate.ro\/articole\/wp-content\/uploads\/2024\/08\/AppGallery-250x75.png 250w\" sizes=\"auto, (max-width: 300px) 100vw, 300px\" \/><\/a><\/p>\n<\/div>\n<\/div>\n<\/div>\n<\/div>\n<\/div>\n<\/div>\n<\/div>\n","protected":false},"excerpt":{"rendered":"<p>&nbsp; &nbsp; Una dintre cele mai grele poveri ale anxiet\u0103\u021bii \u0219i depresiei este sentimentul cople\u0219itor de izolare. Poate p\u0103rea c\u0103 e\u0219ti singura persoan\u0103 care experimenteaz\u0103 g\u00e2nduri, sentimente sau simptome fizice<\/p>\n<div class=\"read-more\"><a class=\"btn button-secondary\" href=\"https:\/\/stop-anxietate.ro\/articole\/nu-esti-singur-a-puterea-mentorilor-si-a-conexiunii-in-comunitatea-stop-anxietate\/\">Read More<\/a><\/div>\n","protected":false},"author":1,"featured_media":0,"parent":0,"menu_order":0,"comment_status":"closed","ping_status":"closed","template":"","meta":{"footnotes":""},"class_list":["post-810","page","type-page","status-publish"],"aioseo_notices":[],"jetpack_sharing_enabled":true,"_links":{"self":[{"href":"https:\/\/stop-anxietate.ro\/articole\/wp-json\/wp\/v2\/pages\/810","targetHints":{"allow":["GET"]}}],"collection":[{"href":"https:\/\/stop-anxietate.ro\/articole\/wp-json\/wp\/v2\/pages"}],"about":[{"href":"https:\/\/stop-anxietate.ro\/articole\/wp-json\/wp\/v2\/types\/page"}],"author":[{"embeddable":true,"href":"https:\/\/stop-anxietate.ro\/articole\/wp-json\/wp\/v2\/users\/1"}],"replies":[{"embeddable":true,"href":"https:\/\/stop-anxietate.ro\/articole\/wp-json\/wp\/v2\/comments?post=810"}],"version-history":[{"count":3,"href":"https:\/\/stop-anxietate.ro\/articole\/wp-json\/wp\/v2\/pages\/810\/revisions"}],"predecessor-version":[{"id":851,"href":"https:\/\/stop-anxietate.ro\/articole\/wp-json\/wp\/v2\/pages\/810\/revisions\/851"}],"wp:attachment":[{"href":"https:\/\/stop-anxietate.ro\/articole\/wp-json\/wp\/v2\/media?parent=810"}],"curies":[{"name":"wp","href":"https:\/\/api.w.org\/{rel}","templated":true}]}}